{"id":17613,"date":"2025-04-29T17:41:12","date_gmt":"2025-04-29T14:41:12","guid":{"rendered":"https:\/\/admuch.com\/call-center-cagri-merkezi\/"},"modified":"2025-05-28T13:36:31","modified_gmt":"2025-05-28T10:36:31","slug":"call-center","status":"publish","type":"page","link":"https:\/\/admuch.com\/en\/call-center\/","title":{"rendered":"Call Center"},"content":{"rendered":"<p>A Call Center (\u00e7a\u011fr\u0131 merkezi) is a place where customers call to get help about the products or services of brands.<\/p>\n<p>Call Center, or in our language \u2018\u00e7a\u011fr\u0131 merkezi\u2019, refers to centers where brands or companies maintain their business communications with connected individuals or institutions, and where incoming and outgoing phone calls are made. A\u00a0<a href=\"https:\/\/admuch.com\/call-center\/\"><strong>Call Center<\/strong><\/a>\u00a0(\u00e7a\u011fr\u0131 merkezi) is a place where customers call to get help about the products or services of brands. Additionally, representatives in call centers can make calls for sales purposes.<\/p>\n<p class=\"nitro-offscreen\">Call centers, which regulate and ensure the healthy conduct of individuals\u2019 business relations with institutions, utilize telephone support as a means of communication. Individuals who provide this support to their customers over the phone are referred to as \u2018\u00e7a\u011fr\u0131 merkezi m\u00fc\u015fteri temsilcisi\u2019 or \u2018call center customer representative.<\/p>\n","protected":false},"excerpt":{"rendered":"<p>A Call Center (\u00e7a\u011fr\u0131 merkezi) is a&#8230;<\/p>\n","protected":false},"author":1,"featured_media":0,"parent":0,"menu_order":0,"comment_status":"closed","ping_status":"closed","template":"index-hizmet-detay.php","meta":{"_acf_changed":false,"inline_featured_image":false,"footnotes":""},"class_list":["post-17613","page","type-page","status-publish","hentry"],"acf":[],"yoast_head":"<!-- This site is optimized with the Yoast SEO plugin v26.1.1 - https:\/\/yoast.com\/wordpress\/plugins\/seo\/ -->\n<title>Call Center Services | Admuch Communication Support<\/title>\n<meta name=\"description\" content=\"Enhance customer experience with our professional call center services. 24\/7 support and effective communication tailored to your business needs.\" \/>\n<meta name=\"robots\" content=\"index, follow, max-snippet:-1, max-image-preview:large, max-video-preview:-1\" \/>\n<link rel=\"canonical\" href=\"https:\/\/admuch.com\/call-center-cagri-merkezi\/\" \/>\n<meta property=\"og:locale\" content=\"en_US\" \/>\n<meta property=\"og:type\" content=\"article\" \/>\n<meta property=\"og:title\" content=\"Call Center Services | Admuch Communication Support\" \/>\n<meta property=\"og:description\" content=\"Enhance customer experience with our professional call center services. 24\/7 support and effective communication tailored to your business needs.\" \/>\n<meta property=\"og:url\" content=\"https:\/\/admuch.com\/call-center-cagri-merkezi\/\" \/>\n<meta property=\"og:site_name\" content=\"Admuch\" \/>\n<meta property=\"article:modified_time\" content=\"2025-05-28T10:36:31+00:00\" \/>\n<meta name=\"twitter:card\" content=\"summary_large_image\" \/>\n<meta name=\"twitter:label1\" content=\"Est. reading time\" \/>\n\t<meta name=\"twitter:data1\" content=\"1 minute\" \/>\n<script type=\"application\/ld+json\" class=\"yoast-schema-graph\">{\"@context\":\"https:\/\/schema.org\",\"@graph\":[{\"@type\":\"WebPage\",\"@id\":\"https:\/\/admuch.com\/call-center-cagri-merkezi\/\",\"url\":\"https:\/\/admuch.com\/call-center-cagri-merkezi\/\",\"name\":\"Call Center Services | Admuch Communication Support\",\"isPartOf\":{\"@id\":\"https:\/\/admuch.com\/#website\"},\"datePublished\":\"2025-04-29T14:41:12+00:00\",\"dateModified\":\"2025-05-28T10:36:31+00:00\",\"description\":\"Enhance customer experience with our professional call center services. 24\/7 support and effective communication tailored to your business needs.\",\"breadcrumb\":{\"@id\":\"https:\/\/admuch.com\/call-center-cagri-merkezi\/#breadcrumb\"},\"inLanguage\":\"en-US\",\"potentialAction\":[{\"@type\":\"ReadAction\",\"target\":[\"https:\/\/admuch.com\/call-center-cagri-merkezi\/\"]}]},{\"@type\":\"BreadcrumbList\",\"@id\":\"https:\/\/admuch.com\/call-center-cagri-merkezi\/#breadcrumb\",\"itemListElement\":[{\"@type\":\"ListItem\",\"position\":1,\"name\":\"Anasayfa\",\"item\":\"https:\/\/admuch.com\/en\/\"},{\"@type\":\"ListItem\",\"position\":2,\"name\":\"Call Center\"}]},{\"@type\":\"WebSite\",\"@id\":\"https:\/\/admuch.com\/#website\",\"url\":\"https:\/\/admuch.com\/\",\"name\":\"Admuch\",\"description\":\"\",\"potentialAction\":[{\"@type\":\"SearchAction\",\"target\":{\"@type\":\"EntryPoint\",\"urlTemplate\":\"https:\/\/admuch.com\/?s={search_term_string}\"},\"query-input\":{\"@type\":\"PropertyValueSpecification\",\"valueRequired\":true,\"valueName\":\"search_term_string\"}}],\"inLanguage\":\"en-US\"}]}<\/script>\n<!-- \/ Yoast SEO plugin. -->","yoast_head_json":{"title":"Call Center Services | Admuch Communication Support","description":"Enhance customer experience with our professional call center services. 24\/7 support and effective communication tailored to your business needs.","robots":{"index":"index","follow":"follow","max-snippet":"max-snippet:-1","max-image-preview":"max-image-preview:large","max-video-preview":"max-video-preview:-1"},"canonical":"https:\/\/admuch.com\/call-center-cagri-merkezi\/","og_locale":"en_US","og_type":"article","og_title":"Call Center Services | Admuch Communication Support","og_description":"Enhance customer experience with our professional call center services. 24\/7 support and effective communication tailored to your business needs.","og_url":"https:\/\/admuch.com\/call-center-cagri-merkezi\/","og_site_name":"Admuch","article_modified_time":"2025-05-28T10:36:31+00:00","twitter_card":"summary_large_image","twitter_misc":{"Est. reading time":"1 minute"},"schema":{"@context":"https:\/\/schema.org","@graph":[{"@type":"WebPage","@id":"https:\/\/admuch.com\/call-center-cagri-merkezi\/","url":"https:\/\/admuch.com\/call-center-cagri-merkezi\/","name":"Call Center Services | Admuch Communication Support","isPartOf":{"@id":"https:\/\/admuch.com\/#website"},"datePublished":"2025-04-29T14:41:12+00:00","dateModified":"2025-05-28T10:36:31+00:00","description":"Enhance customer experience with our professional call center services. 24\/7 support and effective communication tailored to your business needs.","breadcrumb":{"@id":"https:\/\/admuch.com\/call-center-cagri-merkezi\/#breadcrumb"},"inLanguage":"en-US","potentialAction":[{"@type":"ReadAction","target":["https:\/\/admuch.com\/call-center-cagri-merkezi\/"]}]},{"@type":"BreadcrumbList","@id":"https:\/\/admuch.com\/call-center-cagri-merkezi\/#breadcrumb","itemListElement":[{"@type":"ListItem","position":1,"name":"Anasayfa","item":"https:\/\/admuch.com\/en\/"},{"@type":"ListItem","position":2,"name":"Call Center"}]},{"@type":"WebSite","@id":"https:\/\/admuch.com\/#website","url":"https:\/\/admuch.com\/","name":"Admuch","description":"","potentialAction":[{"@type":"SearchAction","target":{"@type":"EntryPoint","urlTemplate":"https:\/\/admuch.com\/?s={search_term_string}"},"query-input":{"@type":"PropertyValueSpecification","valueRequired":true,"valueName":"search_term_string"}}],"inLanguage":"en-US"}]}},"_links":{"self":[{"href":"https:\/\/admuch.com\/en\/wp-json\/wp\/v2\/pages\/17613","targetHints":{"allow":["GET"]}}],"collection":[{"href":"https:\/\/admuch.com\/en\/wp-json\/wp\/v2\/pages"}],"about":[{"href":"https:\/\/admuch.com\/en\/wp-json\/wp\/v2\/types\/page"}],"author":[{"embeddable":true,"href":"https:\/\/admuch.com\/en\/wp-json\/wp\/v2\/users\/1"}],"replies":[{"embeddable":true,"href":"https:\/\/admuch.com\/en\/wp-json\/wp\/v2\/comments?post=17613"}],"version-history":[{"count":3,"href":"https:\/\/admuch.com\/en\/wp-json\/wp\/v2\/pages\/17613\/revisions"}],"predecessor-version":[{"id":17618,"href":"https:\/\/admuch.com\/en\/wp-json\/wp\/v2\/pages\/17613\/revisions\/17618"}],"wp:attachment":[{"href":"https:\/\/admuch.com\/en\/wp-json\/wp\/v2\/media?parent=17613"}],"curies":[{"name":"wp","href":"https:\/\/api.w.org\/{rel}","templated":true}]}}