{"id":17737,"date":"2025-04-28T17:02:25","date_gmt":"2025-04-28T14:02:25","guid":{"rendered":"https:\/\/admuch.com\/landing-page-tasarimi\/"},"modified":"2025-05-28T13:47:36","modified_gmt":"2025-05-28T10:47:36","slug":"landing-page-design","status":"publish","type":"page","link":"https:\/\/admuch.com\/en\/landing-page-design\/","title":{"rendered":"Landing Page Design"},"content":{"rendered":"<p>Landing pages, in our language, are translated as \u2018a\u00e7\u0131l\u0131\u015f\/var\u0131\u015f sayfas\u0131\u2019 and \u2018kar\u015f\u0131lama sayfas\u0131.\u2019 They are mostly designed for advertising campaigns and specifically to direct users to other pages. The primary purpose of\u00a0<a href=\"https:\/\/admuch.com\/landing-page-design\/\"><strong>landing page design<\/strong><\/a>\u00a0is to facilitate a conversion, turning visitors to the web page into customers. Landing pages can also be used in conjunction with social media campaigns to direct people to these pages, thereby achieving conversions from visitors.<\/p>\n<h2 class=\"nitro-offscreen\">What is the Difference Between a Homepage and a Landing Page?<\/h2>\n<p class=\"nitro-offscreen\">Although often confused with each other, the homepage and landing page are fundamentally different. A landing page (a\u00e7\u0131l\u0131\u015f sayfas\u0131) is used specifically for a defined advertising process, that is, to increase sales targets. The homepage (ana sayfa), on the other hand, includes many elements of a general page (such as photo galleries, online stores, etc.).<\/p>\n","protected":false},"excerpt":{"rendered":"<p>Landing pages, in our language, are translated&#8230;<\/p>\n","protected":false},"author":1,"featured_media":0,"parent":0,"menu_order":0,"comment_status":"closed","ping_status":"closed","template":"index-hizmet-detay.php","meta":{"_acf_changed":false,"inline_featured_image":false,"footnotes":""},"class_list":["post-17737","page","type-page","status-publish","hentry"],"acf":[],"yoast_head":"<!-- This site is optimized with the Yoast SEO plugin v26.1.1 - https:\/\/yoast.com\/wordpress\/plugins\/seo\/ -->\n<title>Landing Page Design | Conversion-Focused Web Pages<\/title>\n<meta name=\"description\" content=\"Drive results with custom landing pages that convert. Designed for performance by Admuch.\" \/>\n<meta name=\"robots\" content=\"index, follow, max-snippet:-1, max-image-preview:large, max-video-preview:-1\" \/>\n<link rel=\"canonical\" href=\"https:\/\/admuch.com\/landing-page-tasarimi\/\" \/>\n<meta property=\"og:locale\" content=\"en_US\" \/>\n<meta property=\"og:type\" content=\"article\" \/>\n<meta property=\"og:title\" content=\"Landing Page Design | Conversion-Focused Web Pages\" \/>\n<meta property=\"og:description\" content=\"Drive results with custom landing pages that convert. Designed for performance by Admuch.\" \/>\n<meta property=\"og:url\" content=\"https:\/\/admuch.com\/landing-page-tasarimi\/\" \/>\n<meta property=\"og:site_name\" content=\"Admuch\" \/>\n<meta property=\"article:modified_time\" content=\"2025-05-28T10:47:36+00:00\" \/>\n<meta name=\"twitter:card\" content=\"summary_large_image\" \/>\n<meta name=\"twitter:label1\" content=\"Est. reading time\" \/>\n\t<meta name=\"twitter:data1\" content=\"1 minute\" \/>\n<script type=\"application\/ld+json\" class=\"yoast-schema-graph\">{\"@context\":\"https:\/\/schema.org\",\"@graph\":[{\"@type\":\"WebPage\",\"@id\":\"https:\/\/admuch.com\/landing-page-tasarimi\/\",\"url\":\"https:\/\/admuch.com\/landing-page-tasarimi\/\",\"name\":\"Landing Page Design | Conversion-Focused Web Pages\",\"isPartOf\":{\"@id\":\"https:\/\/admuch.com\/#website\"},\"datePublished\":\"2025-04-28T14:02:25+00:00\",\"dateModified\":\"2025-05-28T10:47:36+00:00\",\"description\":\"Drive results with custom landing pages that convert. Designed for performance by Admuch.\",\"breadcrumb\":{\"@id\":\"https:\/\/admuch.com\/landing-page-tasarimi\/#breadcrumb\"},\"inLanguage\":\"en-US\",\"potentialAction\":[{\"@type\":\"ReadAction\",\"target\":[\"https:\/\/admuch.com\/landing-page-tasarimi\/\"]}]},{\"@type\":\"BreadcrumbList\",\"@id\":\"https:\/\/admuch.com\/landing-page-tasarimi\/#breadcrumb\",\"itemListElement\":[{\"@type\":\"ListItem\",\"position\":1,\"name\":\"Anasayfa\",\"item\":\"https:\/\/admuch.com\/en\/\"},{\"@type\":\"ListItem\",\"position\":2,\"name\":\"Landing Page Design\"}]},{\"@type\":\"WebSite\",\"@id\":\"https:\/\/admuch.com\/#website\",\"url\":\"https:\/\/admuch.com\/\",\"name\":\"Admuch\",\"description\":\"\",\"potentialAction\":[{\"@type\":\"SearchAction\",\"target\":{\"@type\":\"EntryPoint\",\"urlTemplate\":\"https:\/\/admuch.com\/?s={search_term_string}\"},\"query-input\":{\"@type\":\"PropertyValueSpecification\",\"valueRequired\":true,\"valueName\":\"search_term_string\"}}],\"inLanguage\":\"en-US\"}]}<\/script>\n<!-- \/ Yoast SEO plugin. -->","yoast_head_json":{"title":"Landing Page Design | Conversion-Focused Web Pages","description":"Drive results with custom landing pages that convert. Designed for performance by Admuch.","robots":{"index":"index","follow":"follow","max-snippet":"max-snippet:-1","max-image-preview":"max-image-preview:large","max-video-preview":"max-video-preview:-1"},"canonical":"https:\/\/admuch.com\/landing-page-tasarimi\/","og_locale":"en_US","og_type":"article","og_title":"Landing Page Design | Conversion-Focused Web Pages","og_description":"Drive results with custom landing pages that convert. Designed for performance by Admuch.","og_url":"https:\/\/admuch.com\/landing-page-tasarimi\/","og_site_name":"Admuch","article_modified_time":"2025-05-28T10:47:36+00:00","twitter_card":"summary_large_image","twitter_misc":{"Est. reading time":"1 minute"},"schema":{"@context":"https:\/\/schema.org","@graph":[{"@type":"WebPage","@id":"https:\/\/admuch.com\/landing-page-tasarimi\/","url":"https:\/\/admuch.com\/landing-page-tasarimi\/","name":"Landing Page Design | Conversion-Focused Web Pages","isPartOf":{"@id":"https:\/\/admuch.com\/#website"},"datePublished":"2025-04-28T14:02:25+00:00","dateModified":"2025-05-28T10:47:36+00:00","description":"Drive results with custom landing pages that convert. Designed for performance by Admuch.","breadcrumb":{"@id":"https:\/\/admuch.com\/landing-page-tasarimi\/#breadcrumb"},"inLanguage":"en-US","potentialAction":[{"@type":"ReadAction","target":["https:\/\/admuch.com\/landing-page-tasarimi\/"]}]},{"@type":"BreadcrumbList","@id":"https:\/\/admuch.com\/landing-page-tasarimi\/#breadcrumb","itemListElement":[{"@type":"ListItem","position":1,"name":"Anasayfa","item":"https:\/\/admuch.com\/en\/"},{"@type":"ListItem","position":2,"name":"Landing Page Design"}]},{"@type":"WebSite","@id":"https:\/\/admuch.com\/#website","url":"https:\/\/admuch.com\/","name":"Admuch","description":"","potentialAction":[{"@type":"SearchAction","target":{"@type":"EntryPoint","urlTemplate":"https:\/\/admuch.com\/?s={search_term_string}"},"query-input":{"@type":"PropertyValueSpecification","valueRequired":true,"valueName":"search_term_string"}}],"inLanguage":"en-US"}]}},"_links":{"self":[{"href":"https:\/\/admuch.com\/en\/wp-json\/wp\/v2\/pages\/17737","targetHints":{"allow":["GET"]}}],"collection":[{"href":"https:\/\/admuch.com\/en\/wp-json\/wp\/v2\/pages"}],"about":[{"href":"https:\/\/admuch.com\/en\/wp-json\/wp\/v2\/types\/page"}],"author":[{"embeddable":true,"href":"https:\/\/admuch.com\/en\/wp-json\/wp\/v2\/users\/1"}],"replies":[{"embeddable":true,"href":"https:\/\/admuch.com\/en\/wp-json\/wp\/v2\/comments?post=17737"}],"version-history":[{"count":2,"href":"https:\/\/admuch.com\/en\/wp-json\/wp\/v2\/pages\/17737\/revisions"}],"predecessor-version":[{"id":17741,"href":"https:\/\/admuch.com\/en\/wp-json\/wp\/v2\/pages\/17737\/revisions\/17741"}],"wp:attachment":[{"href":"https:\/\/admuch.com\/en\/wp-json\/wp\/v2\/media?parent=17737"}],"curies":[{"name":"wp","href":"https:\/\/api.w.org\/{rel}","templated":true}]}}