{"id":18006,"date":"2025-05-27T13:54:27","date_gmt":"2025-05-27T10:54:27","guid":{"rendered":"https:\/\/admuch.com\/acik-riza\/"},"modified":"2025-05-28T13:21:53","modified_gmt":"2025-05-28T10:21:53","slug":"explicit-consent-text","status":"publish","type":"page","link":"https:\/\/admuch.com\/en\/explicit-consent-text\/","title":{"rendered":"Explicit Consent Text"},"content":{"rendered":"<h2>EXPLICIT CONSENT DECLARATION FORM OF THE RELATED PERSON<\/h2>\n<p><strong><u>DATA CONTROLLER<\/u><\/strong><\/p>\n<p>&nbsp;<\/p>\n<p><strong>TITLE\u00a0\u00a0\u00a0\u00a0\u00a0\u00a0\u00a0\u00a0\u00a0\u00a0\u00a0\u00a0\u00a0\u00a0\u00a0\u00a0\u00a0\u00a0\u00a0\u00a0\u00a0\u00a0\u00a0\u00a0\u00a0\u00a0\u00a0\u00a0\u00a0\u00a0 : <\/strong>ADMUCH ADVERTISING AND INFORMATION TECHNOLOGIES INDUSTRY TRADE ANON\u0130M \u015e\u0130RKET\u0130<\/p>\n<p><strong>MERS\u0130S NO\u00a0\u00a0\u00a0\u00a0\u00a0\u00a0\u00a0\u00a0 \u00a0\u00a0\u00a0\u00a0\u00a0\u00a0\u00a0\u00a0\u00a0\u00a0\u00a0\u00a0\u00a0\u00a0\u00a0 : &#8211;<\/strong><\/p>\n<p><strong>ADDRESS\u00a0\u00a0\u00a0\u00a0\u00a0\u00a0\u00a0\u00a0\u00a0\u00a0\u00a0\u00a0\u00a0\u00a0\u00a0\u00a0\u00a0\u00a0\u00a0\u00a0\u00a0\u00a0\u00a0\u00a0\u00a0\u00a0\u00a0\u00a0\u00a0\u00a0 : <\/strong>Bar\u0131\u015f mah. Necip Faz\u0131l K\u0131sak\u00fcrek Sokak Lotus \u0130stanbul Sitesi No:1\/1 A Blok Kat:11 D:83 Beylikd\u00fcz\u00fc\/\u0130stanbul<\/p>\n<p><strong>E-MAIL ADDRESS\u00a0\u00a0\u00a0\u00a0\u00a0\u00a0\u00a0\u00a0\u00a0\u00a0\u00a0\u00a0\u00a0\u00a0 : <\/strong>info@admuch.com<\/p>\n<p><strong>PHONE NUMBER\u00a0\u00a0\u00a0\u00a0\u00a0\u00a0 \u00a0\u00a0\u00a0\u00a0\u00a0\u00a0\u00a0\u00a0\u00a0\u00a0\u00a0\u00a0\u00a0\u00a0\u00a0 : <\/strong>+ 90 546 908 10 98<\/p>\n<p>&nbsp;<\/p>\n<p>&nbsp;<\/p>\n<p>As the Data Controller Admuch Reklam Ve Bili\u015fim Teknolojileri Sanayi Ticaret A.\u015e., your name, surname, e-mail address, telephone number data are processed in the contact form on our company&#8217;s website https:\/\/admuch.com\/.<\/p>\n<p>&nbsp;<\/p>\n<p>Your processed personal data is processed based on your explicit consent. You can withdraw your explicit consent at any time.<\/p>\n<p>&nbsp;<\/p>\n<p>We process your personal data in order to send you advertising messages, campaign messages, information messages about our company and to contact you due to your application to our company.<\/p>\n<p>&nbsp;<\/p>\n<p>Your personal data is not transferred abroad, it can be transferred to our business partners for the above purposes only.<\/p>\n<p>&nbsp;<\/p>\n<p>I accept, declare and undertake that I have read this Information Letter and that I consent to the processing of my personal data as clearly stated above within the scope of the Personal Data Protection Law No. 6698, and that I expressly consent to the processing of my personal data for the above purposes only.<\/p>\n","protected":false},"excerpt":{"rendered":"<p>EXPLICIT CONSENT DECLARATION FORM OF THE RELATED&#8230;<\/p>\n","protected":false},"author":1,"featured_media":0,"parent":0,"menu_order":0,"comment_status":"closed","ping_status":"closed","template":"","meta":{"_acf_changed":false,"inline_featured_image":false,"footnotes":""},"class_list":["post-18006","page","type-page","status-publish","hentry"],"acf":[],"yoast_head":"<!-- This site is optimized with the Yoast SEO plugin v26.1.1 - https:\/\/yoast.com\/wordpress\/plugins\/seo\/ -->\n<title>Explicit Consent Text | Admuch Privacy Policy<\/title>\n<meta name=\"description\" content=\"Review our explicit consent notice regarding personal data processing. We prioritize your privacy and comply with legal data protection standards.\" \/>\n<meta name=\"robots\" content=\"index, follow, max-snippet:-1, max-image-preview:large, max-video-preview:-1\" \/>\n<link rel=\"canonical\" href=\"https:\/\/admuch.com\/acik-riza\/\" \/>\n<meta property=\"og:locale\" content=\"en_US\" \/>\n<meta property=\"og:type\" content=\"article\" \/>\n<meta property=\"og:title\" content=\"Explicit Consent Text | Admuch Privacy Policy\" \/>\n<meta property=\"og:description\" content=\"Review our explicit consent notice regarding personal data processing. We prioritize your privacy and comply with legal data protection standards.\" \/>\n<meta property=\"og:url\" content=\"https:\/\/admuch.com\/acik-riza\/\" \/>\n<meta property=\"og:site_name\" content=\"Admuch\" \/>\n<meta property=\"article:modified_time\" content=\"2025-05-28T10:21:53+00:00\" \/>\n<meta name=\"twitter:card\" content=\"summary_large_image\" \/>\n<meta name=\"twitter:label1\" content=\"Est. reading time\" \/>\n\t<meta name=\"twitter:data1\" content=\"2 minutes\" \/>\n<script type=\"application\/ld+json\" class=\"yoast-schema-graph\">{\"@context\":\"https:\/\/schema.org\",\"@graph\":[{\"@type\":\"WebPage\",\"@id\":\"https:\/\/admuch.com\/acik-riza\/\",\"url\":\"https:\/\/admuch.com\/acik-riza\/\",\"name\":\"Explicit Consent Text | Admuch Privacy Policy\",\"isPartOf\":{\"@id\":\"https:\/\/admuch.com\/#website\"},\"datePublished\":\"2025-05-27T10:54:27+00:00\",\"dateModified\":\"2025-05-28T10:21:53+00:00\",\"description\":\"Review our explicit consent notice regarding personal data processing. We prioritize your privacy and comply with legal data protection standards.\",\"breadcrumb\":{\"@id\":\"https:\/\/admuch.com\/acik-riza\/#breadcrumb\"},\"inLanguage\":\"en-US\",\"potentialAction\":[{\"@type\":\"ReadAction\",\"target\":[\"https:\/\/admuch.com\/acik-riza\/\"]}]},{\"@type\":\"BreadcrumbList\",\"@id\":\"https:\/\/admuch.com\/acik-riza\/#breadcrumb\",\"itemListElement\":[{\"@type\":\"ListItem\",\"position\":1,\"name\":\"Anasayfa\",\"item\":\"https:\/\/admuch.com\/en\/\"},{\"@type\":\"ListItem\",\"position\":2,\"name\":\"Explicit Consent Text\"}]},{\"@type\":\"WebSite\",\"@id\":\"https:\/\/admuch.com\/#website\",\"url\":\"https:\/\/admuch.com\/\",\"name\":\"Admuch\",\"description\":\"\",\"potentialAction\":[{\"@type\":\"SearchAction\",\"target\":{\"@type\":\"EntryPoint\",\"urlTemplate\":\"https:\/\/admuch.com\/?s={search_term_string}\"},\"query-input\":{\"@type\":\"PropertyValueSpecification\",\"valueRequired\":true,\"valueName\":\"search_term_string\"}}],\"inLanguage\":\"en-US\"}]}<\/script>\n<!-- \/ Yoast SEO plugin. -->","yoast_head_json":{"title":"Explicit Consent Text | Admuch Privacy Policy","description":"Review our explicit consent notice regarding personal data processing. We prioritize your privacy and comply with legal data protection standards.","robots":{"index":"index","follow":"follow","max-snippet":"max-snippet:-1","max-image-preview":"max-image-preview:large","max-video-preview":"max-video-preview:-1"},"canonical":"https:\/\/admuch.com\/acik-riza\/","og_locale":"en_US","og_type":"article","og_title":"Explicit Consent Text | Admuch Privacy Policy","og_description":"Review our explicit consent notice regarding personal data processing. We prioritize your privacy and comply with legal data protection standards.","og_url":"https:\/\/admuch.com\/acik-riza\/","og_site_name":"Admuch","article_modified_time":"2025-05-28T10:21:53+00:00","twitter_card":"summary_large_image","twitter_misc":{"Est. reading time":"2 minutes"},"schema":{"@context":"https:\/\/schema.org","@graph":[{"@type":"WebPage","@id":"https:\/\/admuch.com\/acik-riza\/","url":"https:\/\/admuch.com\/acik-riza\/","name":"Explicit Consent Text | Admuch Privacy Policy","isPartOf":{"@id":"https:\/\/admuch.com\/#website"},"datePublished":"2025-05-27T10:54:27+00:00","dateModified":"2025-05-28T10:21:53+00:00","description":"Review our explicit consent notice regarding personal data processing. We prioritize your privacy and comply with legal data protection standards.","breadcrumb":{"@id":"https:\/\/admuch.com\/acik-riza\/#breadcrumb"},"inLanguage":"en-US","potentialAction":[{"@type":"ReadAction","target":["https:\/\/admuch.com\/acik-riza\/"]}]},{"@type":"BreadcrumbList","@id":"https:\/\/admuch.com\/acik-riza\/#breadcrumb","itemListElement":[{"@type":"ListItem","position":1,"name":"Anasayfa","item":"https:\/\/admuch.com\/en\/"},{"@type":"ListItem","position":2,"name":"Explicit Consent Text"}]},{"@type":"WebSite","@id":"https:\/\/admuch.com\/#website","url":"https:\/\/admuch.com\/","name":"Admuch","description":"","potentialAction":[{"@type":"SearchAction","target":{"@type":"EntryPoint","urlTemplate":"https:\/\/admuch.com\/?s={search_term_string}"},"query-input":{"@type":"PropertyValueSpecification","valueRequired":true,"valueName":"search_term_string"}}],"inLanguage":"en-US"}]}},"_links":{"self":[{"href":"https:\/\/admuch.com\/en\/wp-json\/wp\/v2\/pages\/18006","targetHints":{"allow":["GET"]}}],"collection":[{"href":"https:\/\/admuch.com\/en\/wp-json\/wp\/v2\/pages"}],"about":[{"href":"https:\/\/admuch.com\/en\/wp-json\/wp\/v2\/types\/page"}],"author":[{"embeddable":true,"href":"https:\/\/admuch.com\/en\/wp-json\/wp\/v2\/users\/1"}],"replies":[{"embeddable":true,"href":"https:\/\/admuch.com\/en\/wp-json\/wp\/v2\/comments?post=18006"}],"version-history":[{"count":1,"href":"https:\/\/admuch.com\/en\/wp-json\/wp\/v2\/pages\/18006\/revisions"}],"predecessor-version":[{"id":18007,"href":"https:\/\/admuch.com\/en\/wp-json\/wp\/v2\/pages\/18006\/revisions\/18007"}],"wp:attachment":[{"href":"https:\/\/admuch.com\/en\/wp-json\/wp\/v2\/media?parent=18006"}],"curies":[{"name":"wp","href":"https:\/\/api.w.org\/{rel}","templated":true}]}}