{"id":19739,"date":"2025-07-31T14:12:21","date_gmt":"2025-07-31T11:12:21","guid":{"rendered":"https:\/\/admuch.com\/radyo-reklamlari\/"},"modified":"2025-08-04T09:17:08","modified_gmt":"2025-08-04T06:17:08","slug":"radio-advertising","status":"publish","type":"page","link":"https:\/\/admuch.com\/en\/radio-advertising\/","title":{"rendered":"Radio Advertising"},"content":{"rendered":"<p data-start=\"133\" data-end=\"562\">As digital advertising continues to grow rapidly, <strong data-start=\"183\" data-end=\"204\">radio advertising<\/strong> has maintained its long-standing effectiveness and remains one of the most powerful communication tools for brands. Today, millions of people listen to the radio while driving to work, working at their jobs, or doing daily activities at home. This enables brands to reach listeners <strong data-start=\"487\" data-end=\"561\">in their most natural moments and build a genuine emotional connection<\/strong>.<\/p>\n<p data-start=\"564\" data-end=\"944\"><strong data-start=\"564\" data-end=\"585\">Radio advertising<\/strong> is not just a short spot or jingle; it is a strategic form of advertising that <strong data-start=\"665\" data-end=\"694\">increases brand awareness<\/strong>, builds trust, and leaves a lasting impression in the minds of listeners. People tend to perceive ads they hear during their favorite radio shows as more sincere and trustworthy. This strengthens the bond between your brand and your target audience.<\/p>\n<p data-start=\"946\" data-end=\"1347\">More economical than TV commercials and providing a more personal touch than digital ads, <strong data-start=\"1036\" data-end=\"1057\">radio advertising<\/strong> allows you to reach millions through national stations or target specific regions through local radios. Especially catchy jingles, sincere ad spots, or sponsor announcements do more than just promote your brand\u2014they leave a mark in listeners\u2019 memories, making your brand\u2019s <strong data-start=\"1331\" data-end=\"1346\">voice heard<\/strong>.<\/p>\n<p data-start=\"1349\" data-end=\"1668\">A well-planned <strong data-start=\"1364\" data-end=\"1394\">radio advertising campaign<\/strong> can create a significant impact with a low budget. Sound leaves a strong impression in the mind, and when the listener hears that tone or jingle again, they remember your brand. This once again proves how powerful <strong data-start=\"1609\" data-end=\"1630\">radio advertising<\/strong> can be as a tool for brand awareness.<\/p>\n","protected":false},"excerpt":{"rendered":"<p>As digital advertising continues to grow rapidly,&#8230;<\/p>\n","protected":false},"author":1,"featured_media":0,"parent":0,"menu_order":0,"comment_status":"closed","ping_status":"closed","template":"index-hizmet-detay.php","meta":{"_acf_changed":false,"inline_featured_image":false,"footnotes":""},"class_list":["post-19739","page","type-page","status-publish","hentry"],"acf":[],"yoast_head":"<!-- This site is optimized with the Yoast SEO plugin v26.1.1 - https:\/\/yoast.com\/wordpress\/plugins\/seo\/ -->\n<title>Radio Advertising<\/title>\n<meta name=\"description\" content=\"Profesyonel web tasar\u0131m\u0131 ile kullan\u0131c\u0131 deneyimini art\u0131r\u0131n, mobil uyumlu ve SEO dostu sitenizi hemen olu\u015ftural\u0131m. H\u0131zl\u0131 ba\u015flamak i\u00e7in t\u0131klay\u0131n!\" \/>\n<meta name=\"robots\" content=\"index, follow, max-snippet:-1, max-image-preview:large, max-video-preview:-1\" \/>\n<link rel=\"canonical\" href=\"https:\/\/admuch.com\/en\/radio-advertising\/\" \/>\n<meta property=\"og:locale\" content=\"en_US\" \/>\n<meta property=\"og:type\" content=\"article\" \/>\n<meta property=\"og:title\" content=\"Radio Advertising\" \/>\n<meta property=\"og:description\" content=\"Profesyonel web tasar\u0131m\u0131 ile kullan\u0131c\u0131 deneyimini art\u0131r\u0131n, mobil uyumlu ve SEO dostu sitenizi hemen olu\u015ftural\u0131m. H\u0131zl\u0131 ba\u015flamak i\u00e7in t\u0131klay\u0131n!\" \/>\n<meta property=\"og:url\" content=\"https:\/\/admuch.com\/en\/radio-advertising\/\" \/>\n<meta property=\"og:site_name\" content=\"Admuch\" \/>\n<meta property=\"article:modified_time\" content=\"2025-08-04T06:17:08+00:00\" \/>\n<meta name=\"twitter:card\" content=\"summary_large_image\" \/>\n<meta name=\"twitter:label1\" content=\"Est. reading time\" \/>\n\t<meta name=\"twitter:data1\" content=\"2 minutes\" \/>\n<script type=\"application\/ld+json\" class=\"yoast-schema-graph\">{\"@context\":\"https:\/\/schema.org\",\"@graph\":[{\"@type\":\"WebPage\",\"@id\":\"https:\/\/admuch.com\/en\/radio-advertising\/\",\"url\":\"https:\/\/admuch.com\/en\/radio-advertising\/\",\"name\":\"Radio Advertising\",\"isPartOf\":{\"@id\":\"https:\/\/admuch.com\/#website\"},\"datePublished\":\"2025-07-31T11:12:21+00:00\",\"dateModified\":\"2025-08-04T06:17:08+00:00\",\"description\":\"Profesyonel web tasar\u0131m\u0131 ile kullan\u0131c\u0131 deneyimini art\u0131r\u0131n, mobil uyumlu ve SEO dostu sitenizi hemen olu\u015ftural\u0131m. H\u0131zl\u0131 ba\u015flamak i\u00e7in t\u0131klay\u0131n!\",\"breadcrumb\":{\"@id\":\"https:\/\/admuch.com\/en\/radio-advertising\/#breadcrumb\"},\"inLanguage\":\"en-US\",\"potentialAction\":[{\"@type\":\"ReadAction\",\"target\":[\"https:\/\/admuch.com\/en\/radio-advertising\/\"]}]},{\"@type\":\"BreadcrumbList\",\"@id\":\"https:\/\/admuch.com\/en\/radio-advertising\/#breadcrumb\",\"itemListElement\":[{\"@type\":\"ListItem\",\"position\":1,\"name\":\"Anasayfa\",\"item\":\"https:\/\/admuch.com\/en\/\"},{\"@type\":\"ListItem\",\"position\":2,\"name\":\"Radio Advertising\"}]},{\"@type\":\"WebSite\",\"@id\":\"https:\/\/admuch.com\/#website\",\"url\":\"https:\/\/admuch.com\/\",\"name\":\"Admuch\",\"description\":\"\",\"potentialAction\":[{\"@type\":\"SearchAction\",\"target\":{\"@type\":\"EntryPoint\",\"urlTemplate\":\"https:\/\/admuch.com\/?s={search_term_string}\"},\"query-input\":{\"@type\":\"PropertyValueSpecification\",\"valueRequired\":true,\"valueName\":\"search_term_string\"}}],\"inLanguage\":\"en-US\"}]}<\/script>\n<!-- \/ Yoast SEO plugin. -->","yoast_head_json":{"title":"Radio Advertising","description":"Profesyonel web tasar\u0131m\u0131 ile kullan\u0131c\u0131 deneyimini art\u0131r\u0131n, mobil uyumlu ve SEO dostu sitenizi hemen olu\u015ftural\u0131m. H\u0131zl\u0131 ba\u015flamak i\u00e7in t\u0131klay\u0131n!","robots":{"index":"index","follow":"follow","max-snippet":"max-snippet:-1","max-image-preview":"max-image-preview:large","max-video-preview":"max-video-preview:-1"},"canonical":"https:\/\/admuch.com\/en\/radio-advertising\/","og_locale":"en_US","og_type":"article","og_title":"Radio Advertising","og_description":"Profesyonel web tasar\u0131m\u0131 ile kullan\u0131c\u0131 deneyimini art\u0131r\u0131n, mobil uyumlu ve SEO dostu sitenizi hemen olu\u015ftural\u0131m. H\u0131zl\u0131 ba\u015flamak i\u00e7in t\u0131klay\u0131n!","og_url":"https:\/\/admuch.com\/en\/radio-advertising\/","og_site_name":"Admuch","article_modified_time":"2025-08-04T06:17:08+00:00","twitter_card":"summary_large_image","twitter_misc":{"Est. reading time":"2 minutes"},"schema":{"@context":"https:\/\/schema.org","@graph":[{"@type":"WebPage","@id":"https:\/\/admuch.com\/en\/radio-advertising\/","url":"https:\/\/admuch.com\/en\/radio-advertising\/","name":"Radio Advertising","isPartOf":{"@id":"https:\/\/admuch.com\/#website"},"datePublished":"2025-07-31T11:12:21+00:00","dateModified":"2025-08-04T06:17:08+00:00","description":"Profesyonel web tasar\u0131m\u0131 ile kullan\u0131c\u0131 deneyimini art\u0131r\u0131n, mobil uyumlu ve SEO dostu sitenizi hemen olu\u015ftural\u0131m. H\u0131zl\u0131 ba\u015flamak i\u00e7in t\u0131klay\u0131n!","breadcrumb":{"@id":"https:\/\/admuch.com\/en\/radio-advertising\/#breadcrumb"},"inLanguage":"en-US","potentialAction":[{"@type":"ReadAction","target":["https:\/\/admuch.com\/en\/radio-advertising\/"]}]},{"@type":"BreadcrumbList","@id":"https:\/\/admuch.com\/en\/radio-advertising\/#breadcrumb","itemListElement":[{"@type":"ListItem","position":1,"name":"Anasayfa","item":"https:\/\/admuch.com\/en\/"},{"@type":"ListItem","position":2,"name":"Radio Advertising"}]},{"@type":"WebSite","@id":"https:\/\/admuch.com\/#website","url":"https:\/\/admuch.com\/","name":"Admuch","description":"","potentialAction":[{"@type":"SearchAction","target":{"@type":"EntryPoint","urlTemplate":"https:\/\/admuch.com\/?s={search_term_string}"},"query-input":{"@type":"PropertyValueSpecification","valueRequired":true,"valueName":"search_term_string"}}],"inLanguage":"en-US"}]}},"_links":{"self":[{"href":"https:\/\/admuch.com\/en\/wp-json\/wp\/v2\/pages\/19739","targetHints":{"allow":["GET"]}}],"collection":[{"href":"https:\/\/admuch.com\/en\/wp-json\/wp\/v2\/pages"}],"about":[{"href":"https:\/\/admuch.com\/en\/wp-json\/wp\/v2\/types\/page"}],"author":[{"embeddable":true,"href":"https:\/\/admuch.com\/en\/wp-json\/wp\/v2\/users\/1"}],"replies":[{"embeddable":true,"href":"https:\/\/admuch.com\/en\/wp-json\/wp\/v2\/comments?post=19739"}],"version-history":[{"count":56,"href":"https:\/\/admuch.com\/en\/wp-json\/wp\/v2\/pages\/19739\/revisions"}],"predecessor-version":[{"id":19928,"href":"https:\/\/admuch.com\/en\/wp-json\/wp\/v2\/pages\/19739\/revisions\/19928"}],"wp:attachment":[{"href":"https:\/\/admuch.com\/en\/wp-json\/wp\/v2\/media?parent=19739"}],"curies":[{"name":"wp","href":"https:\/\/api.w.org\/{rel}","templated":true}]}}