{"id":19828,"date":"2025-08-01T09:20:59","date_gmt":"2025-08-01T06:20:59","guid":{"rendered":"https:\/\/admuch.com\/google-haritalara-kayit\/"},"modified":"2025-08-01T16:10:16","modified_gmt":"2025-08-01T13:10:16","slug":"registering-on-google-maps","status":"publish","type":"page","link":"https:\/\/admuch.com\/en\/registering-on-google-maps\/","title":{"rendered":"Registering on Google Maps"},"content":{"rendered":"<p><strong>Become Visible in Digital, Strengthen Locally with Google Maps Registration<\/strong><\/p>\n<p>The vast majority of internet users turn to Google first when searching for a product or service nearby. Especially on mobile devices, searches like \u201cnearest to me,\u201d \u201cwhere is x,\u201d or \u201chow do I get to this restaurant\u201d are directly guided by Google Maps \u2014 one of the most effective tools available. That&#8217;s why <strong>registering on Google Maps<\/strong> is the first step in the digital marketing process and one of the most powerful methods for gaining local customers.<\/p>\n<p>As ADMUCH, we offer professional <strong>Google Maps Registration<\/strong> and optimization services to ensure your business is accurately positioned online. Let your potential customers easily find you on the map, get directions, trust your business, and contact you. We manage the entire process on your behalf, helping you establish a strong and effective presence on the map.<\/p>\n","protected":false},"excerpt":{"rendered":"<p>Become Visible in Digital, Strengthen Locally with&#8230;<\/p>\n","protected":false},"author":1,"featured_media":0,"parent":0,"menu_order":0,"comment_status":"closed","ping_status":"closed","template":"index-hizmet-detay.php","meta":{"_acf_changed":false,"inline_featured_image":false,"footnotes":""},"class_list":["post-19828","page","type-page","status-publish","hentry"],"acf":[],"yoast_head":"<!-- This site is optimized with the Yoast SEO plugin v26.1.1 - https:\/\/yoast.com\/wordpress\/plugins\/seo\/ -->\n<title>Registering on Google Maps<\/title>\n<meta name=\"description\" content=\"Google Gmail reklamlar\u0131 sayesinde segmentlenmi\u015f hedef kitleye ula\u015f, e-posta reklam stratejileriyle t\u0131klama oranlar\u0131n\u0131 katla. Hemen harekete ge\u00e7!\" \/>\n<meta name=\"robots\" content=\"index, follow, max-snippet:-1, max-image-preview:large, max-video-preview:-1\" \/>\n<link rel=\"canonical\" href=\"https:\/\/admuch.com\/en\/registering-on-google-maps\/\" \/>\n<meta property=\"og:locale\" content=\"en_US\" \/>\n<meta property=\"og:type\" content=\"article\" \/>\n<meta property=\"og:title\" content=\"Registering on Google Maps\" \/>\n<meta property=\"og:description\" content=\"Google Gmail reklamlar\u0131 sayesinde segmentlenmi\u015f hedef kitleye ula\u015f, e-posta reklam stratejileriyle t\u0131klama oranlar\u0131n\u0131 katla. Hemen harekete ge\u00e7!\" \/>\n<meta property=\"og:url\" content=\"https:\/\/admuch.com\/en\/registering-on-google-maps\/\" \/>\n<meta property=\"og:site_name\" content=\"Admuch\" \/>\n<meta property=\"article:modified_time\" content=\"2025-08-01T13:10:16+00:00\" \/>\n<meta name=\"twitter:card\" content=\"summary_large_image\" \/>\n<meta name=\"twitter:label1\" content=\"Est. reading time\" \/>\n\t<meta name=\"twitter:data1\" content=\"1 minute\" \/>\n<script type=\"application\/ld+json\" class=\"yoast-schema-graph\">{\"@context\":\"https:\/\/schema.org\",\"@graph\":[{\"@type\":\"WebPage\",\"@id\":\"https:\/\/admuch.com\/en\/registering-on-google-maps\/\",\"url\":\"https:\/\/admuch.com\/en\/registering-on-google-maps\/\",\"name\":\"Registering on Google Maps\",\"isPartOf\":{\"@id\":\"https:\/\/admuch.com\/#website\"},\"datePublished\":\"2025-08-01T06:20:59+00:00\",\"dateModified\":\"2025-08-01T13:10:16+00:00\",\"description\":\"Google Gmail reklamlar\u0131 sayesinde segmentlenmi\u015f hedef kitleye ula\u015f, e-posta reklam stratejileriyle t\u0131klama oranlar\u0131n\u0131 katla. Hemen harekete ge\u00e7!\",\"breadcrumb\":{\"@id\":\"https:\/\/admuch.com\/en\/registering-on-google-maps\/#breadcrumb\"},\"inLanguage\":\"en-US\",\"potentialAction\":[{\"@type\":\"ReadAction\",\"target\":[\"https:\/\/admuch.com\/en\/registering-on-google-maps\/\"]}]},{\"@type\":\"BreadcrumbList\",\"@id\":\"https:\/\/admuch.com\/en\/registering-on-google-maps\/#breadcrumb\",\"itemListElement\":[{\"@type\":\"ListItem\",\"position\":1,\"name\":\"Anasayfa\",\"item\":\"https:\/\/admuch.com\/en\/\"},{\"@type\":\"ListItem\",\"position\":2,\"name\":\"Registering on Google Maps\"}]},{\"@type\":\"WebSite\",\"@id\":\"https:\/\/admuch.com\/#website\",\"url\":\"https:\/\/admuch.com\/\",\"name\":\"Admuch\",\"description\":\"\",\"potentialAction\":[{\"@type\":\"SearchAction\",\"target\":{\"@type\":\"EntryPoint\",\"urlTemplate\":\"https:\/\/admuch.com\/?s={search_term_string}\"},\"query-input\":{\"@type\":\"PropertyValueSpecification\",\"valueRequired\":true,\"valueName\":\"search_term_string\"}}],\"inLanguage\":\"en-US\"}]}<\/script>\n<!-- \/ Yoast SEO plugin. -->","yoast_head_json":{"title":"Registering on Google Maps","description":"Google Gmail reklamlar\u0131 sayesinde segmentlenmi\u015f hedef kitleye ula\u015f, e-posta reklam stratejileriyle t\u0131klama oranlar\u0131n\u0131 katla. Hemen harekete ge\u00e7!","robots":{"index":"index","follow":"follow","max-snippet":"max-snippet:-1","max-image-preview":"max-image-preview:large","max-video-preview":"max-video-preview:-1"},"canonical":"https:\/\/admuch.com\/en\/registering-on-google-maps\/","og_locale":"en_US","og_type":"article","og_title":"Registering on Google Maps","og_description":"Google Gmail reklamlar\u0131 sayesinde segmentlenmi\u015f hedef kitleye ula\u015f, e-posta reklam stratejileriyle t\u0131klama oranlar\u0131n\u0131 katla. Hemen harekete ge\u00e7!","og_url":"https:\/\/admuch.com\/en\/registering-on-google-maps\/","og_site_name":"Admuch","article_modified_time":"2025-08-01T13:10:16+00:00","twitter_card":"summary_large_image","twitter_misc":{"Est. reading time":"1 minute"},"schema":{"@context":"https:\/\/schema.org","@graph":[{"@type":"WebPage","@id":"https:\/\/admuch.com\/en\/registering-on-google-maps\/","url":"https:\/\/admuch.com\/en\/registering-on-google-maps\/","name":"Registering on Google Maps","isPartOf":{"@id":"https:\/\/admuch.com\/#website"},"datePublished":"2025-08-01T06:20:59+00:00","dateModified":"2025-08-01T13:10:16+00:00","description":"Google Gmail reklamlar\u0131 sayesinde segmentlenmi\u015f hedef kitleye ula\u015f, e-posta reklam stratejileriyle t\u0131klama oranlar\u0131n\u0131 katla. Hemen harekete ge\u00e7!","breadcrumb":{"@id":"https:\/\/admuch.com\/en\/registering-on-google-maps\/#breadcrumb"},"inLanguage":"en-US","potentialAction":[{"@type":"ReadAction","target":["https:\/\/admuch.com\/en\/registering-on-google-maps\/"]}]},{"@type":"BreadcrumbList","@id":"https:\/\/admuch.com\/en\/registering-on-google-maps\/#breadcrumb","itemListElement":[{"@type":"ListItem","position":1,"name":"Anasayfa","item":"https:\/\/admuch.com\/en\/"},{"@type":"ListItem","position":2,"name":"Registering on Google Maps"}]},{"@type":"WebSite","@id":"https:\/\/admuch.com\/#website","url":"https:\/\/admuch.com\/","name":"Admuch","description":"","potentialAction":[{"@type":"SearchAction","target":{"@type":"EntryPoint","urlTemplate":"https:\/\/admuch.com\/?s={search_term_string}"},"query-input":{"@type":"PropertyValueSpecification","valueRequired":true,"valueName":"search_term_string"}}],"inLanguage":"en-US"}]}},"_links":{"self":[{"href":"https:\/\/admuch.com\/en\/wp-json\/wp\/v2\/pages\/19828","targetHints":{"allow":["GET"]}}],"collection":[{"href":"https:\/\/admuch.com\/en\/wp-json\/wp\/v2\/pages"}],"about":[{"href":"https:\/\/admuch.com\/en\/wp-json\/wp\/v2\/types\/page"}],"author":[{"embeddable":true,"href":"https:\/\/admuch.com\/en\/wp-json\/wp\/v2\/users\/1"}],"replies":[{"embeddable":true,"href":"https:\/\/admuch.com\/en\/wp-json\/wp\/v2\/comments?post=19828"}],"version-history":[{"count":33,"href":"https:\/\/admuch.com\/en\/wp-json\/wp\/v2\/pages\/19828\/revisions"}],"predecessor-version":[{"id":19884,"href":"https:\/\/admuch.com\/en\/wp-json\/wp\/v2\/pages\/19828\/revisions\/19884"}],"wp:attachment":[{"href":"https:\/\/admuch.com\/en\/wp-json\/wp\/v2\/media?parent=19828"}],"curies":[{"name":"wp","href":"https:\/\/api.w.org\/{rel}","templated":true}]}}